{"id":397,"date":"2024-08-17T14:13:58","date_gmt":"2024-08-17T14:13:58","guid":{"rendered":"https:\/\/abidinderki.com\/ikinciel\/?page_id=397"},"modified":"2024-08-17T14:13:58","modified_gmt":"2024-08-17T14:13:58","slug":"iletisim","status":"publish","type":"page","link":"https:\/\/abidinderki.com\/ikinciel\/iletisim\/","title":{"rendered":"ileti\u015fim"},"content":{"rendered":"<p><img loading=\"lazy\" decoding=\"async\" class=\"aligncenter size-full wp-image-398\" src=\"https:\/\/abidinderki.com\/ikinciel\/wp-content\/uploads\/2024\/08\/iletisim1.jpg\" alt=\"\" width=\"800\" height=\"500\" title=\"\" srcset=\"https:\/\/abidinderki.com\/ikinciel\/wp-content\/uploads\/2024\/08\/iletisim1.jpg 800w, https:\/\/abidinderki.com\/ikinciel\/wp-content\/uploads\/2024\/08\/iletisim1-300x188.jpg 300w, https:\/\/abidinderki.com\/ikinciel\/wp-content\/uploads\/2024\/08\/iletisim1-768x480.jpg 768w, https:\/\/abidinderki.com\/ikinciel\/wp-content\/uploads\/2024\/08\/iletisim1-600x375.jpg 600w\" sizes=\"auto, (max-width: 800px) 100vw, 800px\" \/><\/p>\n<div class=\"woocommerce columns-4 \"><ul class=\"products columns-4\">\n<li class=\"product type-product post-434 status-publish first instock product_cat-ikinci-el-is-makineleri product_cat-spot-defolu-esya product_tag-ikinci-el-ranza has-post-thumbnail sale shipping-taxable purchasable product-type-simple\">\n\t<a href=\"https:\/\/abidinderki.com\/ikinciel\/urun\/2-el-yatak-ranza-demirleri-orijinal-galvanizli-cikma-demirler\/\" class=\"woocommerce-LoopProduct-link woocommerce-loop-product__link\">\n\t<span class=\"onsale\">\u0130ndirim!<\/span>\n\t<img loading=\"lazy\" decoding=\"async\" width=\"300\" height=\"300\" src=\"https:\/\/abidinderki.com\/ikinciel\/wp-content\/uploads\/2024\/08\/2.-el-yatak-ranza-demirleri-2-300x300.png\" class=\"attachment-woocommerce_thumbnail size-woocommerce_thumbnail\" alt=\"2. el yatak ranza demirleri orijinal galvanizli \u00e7\u0131kma demirler\" srcset=\"https:\/\/abidinderki.com\/ikinciel\/wp-content\/uploads\/2024\/08\/2.-el-yatak-ranza-demirleri-2-300x300.png 300w, https:\/\/abidinderki.com\/ikinciel\/wp-content\/uploads\/2024\/08\/2.-el-yatak-ranza-demirleri-2-150x150.png 150w, https:\/\/abidinderki.com\/ikinciel\/wp-content\/uploads\/2024\/08\/2.-el-yatak-ranza-demirleri-2-600x597.png 600w, https:\/\/abidinderki.com\/ikinciel\/wp-content\/uploads\/2024\/08\/2.-el-yatak-ranza-demirleri-2-100x100.png 100w, https:\/\/abidinderki.com\/ikinciel\/wp-content\/uploads\/2024\/08\/2.-el-yatak-ranza-demirleri-2.png 628w\" sizes=\"auto, (max-width: 300px) 100vw, 300px\" title=\"\"><h2 class=\"woocommerce-loop-product__title\">2. el yatak ranza demirleri orijinal galvanizli \u00e7\u0131kma demirler<\/h2>\n\t<span class=\"price\"><del aria-hidden=\"true\"><span class=\"woocommerce-Price-amount amount\"><bdi><span class=\"woocommerce-Price-currencySymbol\">&#8378;<\/span>150.00<\/bdi><\/span><\/del> <span class=\"screen-reader-text\">Orijinal fiyat: &#8378;150.00.<\/span><ins aria-hidden=\"true\"><span class=\"woocommerce-Price-amount amount\"><bdi><span class=\"woocommerce-Price-currencySymbol\">&#8378;<\/span>100.00<\/bdi><\/span><\/ins><span class=\"screen-reader-text\">\u015eu andaki fiyat: &#8378;100.00.<\/span><\/span>\n<div class=\"archive-product-categories text-center\"><a href=\"https:\/\/abidinderki.com\/ikinciel\/urun-kategori\/ikinci-el-is-makineleri\/\" rel=\"tag\">ikinci el i\u015f makineleri<\/a>,<a href=\"https:\/\/abidinderki.com\/ikinciel\/urun-kategori\/spot-defolu-esya\/\" rel=\"tag\">spot defolu e\u015fya<\/a><\/div><\/a><a href=\"\/ikinciel\/wp-json\/wp\/v2\/pages\/397?add-to-cart=434\" aria-describedby=\"woocommerce_loop_add_to_cart_link_describedby_434\" data-quantity=\"1\" class=\"button product_type_simple add_to_cart_button ajax_add_to_cart\" data-product_id=\"434\" data-product_sku=\"\" aria-label=\"Sepete ekle: \u201c2. el yatak ranza demirleri orijinal galvanizli \u00e7\u0131kma demirler\u201d\" rel=\"nofollow\" data-success_message=\"&quot;2. el yatak ranza demirleri orijinal galvanizli \u00e7\u0131kma demirler&quot; sepetinize eklendi\" role=\"button\">Sepete Ekle<\/a>\t<span id=\"woocommerce_loop_add_to_cart_link_describedby_434\" class=\"screen-reader-text\">\n\t\t\t<\/span>\n<\/li>\n<li class=\"product type-product post-454 status-publish instock product_cat-ikinci-el-mobilya has-post-thumbnail sale shipping-taxable purchasable product-type-simple\">\n\t<a href=\"https:\/\/abidinderki.com\/ikinciel\/urun\/2-el-bambu-sepet-besik-komple-ahsap-bebek-besigi\/\" class=\"woocommerce-LoopProduct-link woocommerce-loop-product__link\">\n\t<span class=\"onsale\">\u0130ndirim!<\/span>\n\t<img loading=\"lazy\" decoding=\"async\" width=\"300\" height=\"300\" src=\"https:\/\/abidinderki.com\/ikinciel\/wp-content\/uploads\/2024\/10\/2.el-bambu-sepet-besik-2-300x300.png\" class=\"attachment-woocommerce_thumbnail size-woocommerce_thumbnail\" alt=\"2.el bambu sepet be\u015fik komple ah\u015fap bebek be\u015fi\u011fi\" srcset=\"https:\/\/abidinderki.com\/ikinciel\/wp-content\/uploads\/2024\/10\/2.el-bambu-sepet-besik-2-300x300.png 300w, https:\/\/abidinderki.com\/ikinciel\/wp-content\/uploads\/2024\/10\/2.el-bambu-sepet-besik-2-150x150.png 150w, https:\/\/abidinderki.com\/ikinciel\/wp-content\/uploads\/2024\/10\/2.el-bambu-sepet-besik-2-100x100.png 100w\" sizes=\"auto, (max-width: 300px) 100vw, 300px\" title=\"\"><h2 class=\"woocommerce-loop-product__title\">2.el bambu sepet be\u015fik komple ah\u015fap bebek be\u015fi\u011fi<\/h2>\n\t<span class=\"price\"><del aria-hidden=\"true\"><span class=\"woocommerce-Price-amount amount\"><bdi><span class=\"woocommerce-Price-currencySymbol\">&#8378;<\/span>1,500.00<\/bdi><\/span><\/del> <span class=\"screen-reader-text\">Orijinal fiyat: &#8378;1,500.00.<\/span><ins aria-hidden=\"true\"><span class=\"woocommerce-Price-amount amount\"><bdi><span class=\"woocommerce-Price-currencySymbol\">&#8378;<\/span>1,000.00<\/bdi><\/span><\/ins><span class=\"screen-reader-text\">\u015eu andaki fiyat: &#8378;1,000.00.<\/span><\/span>\n<div class=\"archive-product-categories text-center\"><a href=\"https:\/\/abidinderki.com\/ikinciel\/urun-kategori\/ikinci-el-mobilya\/\" rel=\"tag\">ikinci el mobilya<\/a><\/div><\/a><a href=\"\/ikinciel\/wp-json\/wp\/v2\/pages\/397?add-to-cart=454\" aria-describedby=\"woocommerce_loop_add_to_cart_link_describedby_454\" data-quantity=\"1\" class=\"button product_type_simple add_to_cart_button ajax_add_to_cart\" data-product_id=\"454\" data-product_sku=\"\" aria-label=\"Sepete ekle: \u201c2.el bambu sepet be\u015fik komple ah\u015fap bebek be\u015fi\u011fi\u201d\" rel=\"nofollow\" data-success_message=\"&quot;2.el bambu sepet be\u015fik komple ah\u015fap bebek be\u015fi\u011fi&quot; sepetinize eklendi\" role=\"button\">Sepete Ekle<\/a>\t<span id=\"woocommerce_loop_add_to_cart_link_describedby_454\" class=\"screen-reader-text\">\n\t\t\t<\/span>\n<\/li>\n<li class=\"product type-product post-512 status-publish instock product_cat-ikinci-el-esya has-post-thumbnail sale shipping-taxable purchasable product-type-simple\">\n\t<a href=\"https:\/\/abidinderki.com\/ikinciel\/urun\/2-el-wifi-baglantili-yaka-kamerasi-1080p\/\" class=\"woocommerce-LoopProduct-link woocommerce-loop-product__link\">\n\t<span class=\"onsale\">\u0130ndirim!<\/span>\n\t<img loading=\"lazy\" decoding=\"async\" width=\"300\" height=\"300\" src=\"https:\/\/abidinderki.com\/ikinciel\/wp-content\/uploads\/2025\/12\/2.el-WiFi-Baglantili-Yaka-Kamerasi-1080P-1-300x300.png\" class=\"attachment-woocommerce_thumbnail size-woocommerce_thumbnail\" alt=\"2.el WiFi Ba\u011flant\u0131l\u0131 Yaka Kameras\u0131 1080P\" srcset=\"https:\/\/abidinderki.com\/ikinciel\/wp-content\/uploads\/2025\/12\/2.el-WiFi-Baglantili-Yaka-Kamerasi-1080P-1-300x300.png 300w, https:\/\/abidinderki.com\/ikinciel\/wp-content\/uploads\/2025\/12\/2.el-WiFi-Baglantili-Yaka-Kamerasi-1080P-1-150x150.png 150w, https:\/\/abidinderki.com\/ikinciel\/wp-content\/uploads\/2025\/12\/2.el-WiFi-Baglantili-Yaka-Kamerasi-1080P-1-100x100.png 100w\" sizes=\"auto, (max-width: 300px) 100vw, 300px\" title=\"\"><h2 class=\"woocommerce-loop-product__title\">2.el WiFi Ba\u011flant\u0131l\u0131 Yaka Kameras\u0131 1080P<\/h2><div class=\"star-rating\" role=\"img\" aria-label=\"5 \u00fczerinden 5.00 oy ald\u0131\"><span style=\"width:100%\">5 \u00fczerinden <strong class=\"rating\">5.00<\/strong> oy ald\u0131<\/span><\/div>\n\t<span class=\"price\"><del aria-hidden=\"true\"><span class=\"woocommerce-Price-amount amount\"><bdi><span class=\"woocommerce-Price-currencySymbol\">&#8378;<\/span>1,500.00<\/bdi><\/span><\/del> <span class=\"screen-reader-text\">Orijinal fiyat: &#8378;1,500.00.<\/span><ins aria-hidden=\"true\"><span class=\"woocommerce-Price-amount amount\"><bdi><span class=\"woocommerce-Price-currencySymbol\">&#8378;<\/span>1,000.00<\/bdi><\/span><\/ins><span class=\"screen-reader-text\">\u015eu andaki fiyat: &#8378;1,000.00.<\/span><\/span>\n<div class=\"archive-product-categories text-center\"><a href=\"https:\/\/abidinderki.com\/ikinciel\/urun-kategori\/ikinci-el-esya\/\" rel=\"tag\">ikinci el e\u015fya<\/a><\/div><\/a><a href=\"\/ikinciel\/wp-json\/wp\/v2\/pages\/397?add-to-cart=512\" aria-describedby=\"woocommerce_loop_add_to_cart_link_describedby_512\" data-quantity=\"1\" class=\"button product_type_simple add_to_cart_button ajax_add_to_cart\" data-product_id=\"512\" data-product_sku=\"\" aria-label=\"Sepete ekle: \u201c2.el WiFi Ba\u011flant\u0131l\u0131 Yaka Kameras\u0131 1080P\u201d\" rel=\"nofollow\" data-success_message=\"&quot;2.el WiFi Ba\u011flant\u0131l\u0131 Yaka Kameras\u0131 1080P&quot; sepetinize eklendi\" role=\"button\">Sepete Ekle<\/a>\t<span id=\"woocommerce_loop_add_to_cart_link_describedby_512\" class=\"screen-reader-text\">\n\t\t\t<\/span>\n<\/li>\n<li class=\"product type-product post-474 status-publish last instock product_cat-ikinci-el-beyaz-esya product_tag-ikinci-el-camasir-makinesi has-post-thumbnail sale shipping-taxable purchasable product-type-simple\">\n\t<a href=\"https:\/\/abidinderki.com\/ikinciel\/urun\/bosch-camasir-makinesi-kazani-tamburu-temiz-cikma-celik-kazanlar\/\" class=\"woocommerce-LoopProduct-link woocommerce-loop-product__link\">\n\t<span class=\"onsale\">\u0130ndirim!<\/span>\n\t<img loading=\"lazy\" decoding=\"async\" width=\"300\" height=\"300\" src=\"https:\/\/abidinderki.com\/ikinciel\/wp-content\/uploads\/2024\/10\/Bosch-camasir-makinesi-kazani-tamburu-2-300x300.png\" class=\"attachment-woocommerce_thumbnail size-woocommerce_thumbnail\" alt=\"Bosch \u00e7ama\u015f\u0131r makinesi kazan\u0131 tamburu (temiz \u00e7\u0131kma \u00e7elik kazanlar)\" srcset=\"https:\/\/abidinderki.com\/ikinciel\/wp-content\/uploads\/2024\/10\/Bosch-camasir-makinesi-kazani-tamburu-2-300x300.png 300w, https:\/\/abidinderki.com\/ikinciel\/wp-content\/uploads\/2024\/10\/Bosch-camasir-makinesi-kazani-tamburu-2-150x150.png 150w, https:\/\/abidinderki.com\/ikinciel\/wp-content\/uploads\/2024\/10\/Bosch-camasir-makinesi-kazani-tamburu-2-100x100.png 100w\" sizes=\"auto, (max-width: 300px) 100vw, 300px\" title=\"\"><h2 class=\"woocommerce-loop-product__title\">Bosch \u00e7ama\u015f\u0131r makinesi kazan\u0131 tamburu (temiz \u00e7\u0131kma \u00e7elik kazanlar)<\/h2>\n\t<span class=\"price\"><del aria-hidden=\"true\"><span class=\"woocommerce-Price-amount amount\"><bdi><span class=\"woocommerce-Price-currencySymbol\">&#8378;<\/span>2,500.00<\/bdi><\/span><\/del> <span class=\"screen-reader-text\">Orijinal fiyat: &#8378;2,500.00.<\/span><ins aria-hidden=\"true\"><span class=\"woocommerce-Price-amount amount\"><bdi><span class=\"woocommerce-Price-currencySymbol\">&#8378;<\/span>2,000.00<\/bdi><\/span><\/ins><span class=\"screen-reader-text\">\u015eu andaki fiyat: &#8378;2,000.00.<\/span><\/span>\n<div class=\"archive-product-categories text-center\"><a href=\"https:\/\/abidinderki.com\/ikinciel\/urun-kategori\/ikinci-el-beyaz-esya\/\" rel=\"tag\">ikinci el beyaz e\u015fya<\/a><\/div><\/a><a href=\"\/ikinciel\/wp-json\/wp\/v2\/pages\/397?add-to-cart=474\" aria-describedby=\"woocommerce_loop_add_to_cart_link_describedby_474\" data-quantity=\"1\" class=\"button product_type_simple add_to_cart_button ajax_add_to_cart\" data-product_id=\"474\" data-product_sku=\"\" aria-label=\"Sepete ekle: \u201cBosch \u00e7ama\u015f\u0131r makinesi kazan\u0131 tamburu (temiz \u00e7\u0131kma \u00e7elik kazanlar)\u201d\" rel=\"nofollow\" data-success_message=\"&quot;Bosch \u00e7ama\u015f\u0131r makinesi kazan\u0131 tamburu (temiz \u00e7\u0131kma \u00e7elik kazanlar)&quot; sepetinize eklendi\" role=\"button\">Sepete Ekle<\/a>\t<span id=\"woocommerce_loop_add_to_cart_link_describedby_474\" class=\"screen-reader-text\">\n\t\t\t<\/span>\n<\/li>\n<li class=\"product type-product post-507 status-publish first instock product_cat-ikinci-el-mobilya has-post-thumbnail sale shipping-taxable purchasable product-type-simple\">\n\t<a href=\"https:\/\/abidinderki.com\/ikinciel\/urun\/cam-ladin-goknar-insaat-kalasi-ve-cikma-keresteler\/\" class=\"woocommerce-LoopProduct-link woocommerce-loop-product__link\">\n\t<span class=\"onsale\">\u0130ndirim!<\/span>\n\t<img loading=\"lazy\" decoding=\"async\" width=\"300\" height=\"300\" src=\"https:\/\/abidinderki.com\/ikinciel\/wp-content\/uploads\/2025\/12\/insaat-kalasi-ve-cikma-keresteler-3-300x300.png\" class=\"attachment-woocommerce_thumbnail size-woocommerce_thumbnail\" alt=\"\u00c7am-Ladin-G\u00f6knar in\u015faat kalas\u0131 ve \u00e7\u0131kma keresteler\" srcset=\"https:\/\/abidinderki.com\/ikinciel\/wp-content\/uploads\/2025\/12\/insaat-kalasi-ve-cikma-keresteler-3-300x300.png 300w, https:\/\/abidinderki.com\/ikinciel\/wp-content\/uploads\/2025\/12\/insaat-kalasi-ve-cikma-keresteler-3-150x150.png 150w, https:\/\/abidinderki.com\/ikinciel\/wp-content\/uploads\/2025\/12\/insaat-kalasi-ve-cikma-keresteler-3-100x100.png 100w\" sizes=\"auto, (max-width: 300px) 100vw, 300px\" title=\"\"><h2 class=\"woocommerce-loop-product__title\">\u00c7am-Ladin-G\u00f6knar in\u015faat kalas\u0131 ve \u00e7\u0131kma keresteler<\/h2>\n\t<span class=\"price\"><del aria-hidden=\"true\"><span class=\"woocommerce-Price-amount amount\"><bdi><span class=\"woocommerce-Price-currencySymbol\">&#8378;<\/span>350.00<\/bdi><\/span><\/del> <span class=\"screen-reader-text\">Orijinal fiyat: &#8378;350.00.<\/span><ins aria-hidden=\"true\"><span class=\"woocommerce-Price-amount amount\"><bdi><span class=\"woocommerce-Price-currencySymbol\">&#8378;<\/span>300.00<\/bdi><\/span><\/ins><span class=\"screen-reader-text\">\u015eu andaki fiyat: &#8378;300.00.<\/span><\/span>\n<div class=\"archive-product-categories text-center\"><a href=\"https:\/\/abidinderki.com\/ikinciel\/urun-kategori\/ikinci-el-mobilya\/\" rel=\"tag\">ikinci el mobilya<\/a><\/div><\/a><a href=\"\/ikinciel\/wp-json\/wp\/v2\/pages\/397?add-to-cart=507\" aria-describedby=\"woocommerce_loop_add_to_cart_link_describedby_507\" data-quantity=\"1\" class=\"button product_type_simple add_to_cart_button ajax_add_to_cart\" data-product_id=\"507\" data-product_sku=\"\" aria-label=\"Sepete ekle: \u201c\u00c7am-Ladin-G\u00f6knar in\u015faat kalas\u0131 ve \u00e7\u0131kma keresteler\u201d\" rel=\"nofollow\" data-success_message=\"&quot;\u00c7am-Ladin-G\u00f6knar in\u015faat kalas\u0131 ve \u00e7\u0131kma keresteler&quot; sepetinize eklendi\" role=\"button\">Sepete Ekle<\/a>\t<span id=\"woocommerce_loop_add_to_cart_link_describedby_507\" class=\"screen-reader-text\">\n\t\t\t<\/span>\n<\/li>\n<li class=\"product type-product post-484 status-publish instock product_cat-ikinci-el-mobilya has-post-thumbnail sale shipping-taxable purchasable product-type-simple\">\n\t<a href=\"https:\/\/abidinderki.com\/ikinciel\/urun\/cikma-ahsap-palet-saglam-cam-palet-bol-miktarda-ikinci-el-palet\/\" class=\"woocommerce-LoopProduct-link woocommerce-loop-product__link\">\n\t<span class=\"onsale\">\u0130ndirim!<\/span>\n\t<img loading=\"lazy\" decoding=\"async\" width=\"300\" height=\"300\" src=\"https:\/\/abidinderki.com\/ikinciel\/wp-content\/uploads\/2024\/12\/Cikma-ahsap-palet-1-300x300.png\" class=\"attachment-woocommerce_thumbnail size-woocommerce_thumbnail\" alt=\"\u00c7\u0131kma ah\u015fap palet sa\u011flam \u00e7am palet bol miktarda ikinci el palet\" srcset=\"https:\/\/abidinderki.com\/ikinciel\/wp-content\/uploads\/2024\/12\/Cikma-ahsap-palet-1-300x300.png 300w, https:\/\/abidinderki.com\/ikinciel\/wp-content\/uploads\/2024\/12\/Cikma-ahsap-palet-1-150x150.png 150w, https:\/\/abidinderki.com\/ikinciel\/wp-content\/uploads\/2024\/12\/Cikma-ahsap-palet-1-100x100.png 100w\" sizes=\"auto, (max-width: 300px) 100vw, 300px\" title=\"\"><h2 class=\"woocommerce-loop-product__title\">\u00c7\u0131kma ah\u015fap palet sa\u011flam \u00e7am palet bol miktarda ikinci el palet<\/h2>\n\t<span class=\"price\"><del aria-hidden=\"true\"><span class=\"woocommerce-Price-amount amount\"><bdi><span class=\"woocommerce-Price-currencySymbol\">&#8378;<\/span>120.00<\/bdi><\/span><\/del> <span class=\"screen-reader-text\">Orijinal fiyat: &#8378;120.00.<\/span><ins aria-hidden=\"true\"><span class=\"woocommerce-Price-amount amount\"><bdi><span class=\"woocommerce-Price-currencySymbol\">&#8378;<\/span>20.00<\/bdi><\/span><\/ins><span class=\"screen-reader-text\">\u015eu andaki fiyat: &#8378;20.00.<\/span><\/span>\n<div class=\"archive-product-categories text-center\"><a href=\"https:\/\/abidinderki.com\/ikinciel\/urun-kategori\/ikinci-el-mobilya\/\" rel=\"tag\">ikinci el mobilya<\/a><\/div><\/a><a href=\"\/ikinciel\/wp-json\/wp\/v2\/pages\/397?add-to-cart=484\" aria-describedby=\"woocommerce_loop_add_to_cart_link_describedby_484\" data-quantity=\"1\" class=\"button product_type_simple add_to_cart_button ajax_add_to_cart\" data-product_id=\"484\" data-product_sku=\"\" aria-label=\"Sepete ekle: \u201c\u00c7\u0131kma ah\u015fap palet sa\u011flam \u00e7am palet bol miktarda ikinci el palet\u201d\" rel=\"nofollow\" data-success_message=\"&quot;\u00c7\u0131kma ah\u015fap palet sa\u011flam \u00e7am palet bol miktarda ikinci el palet&quot; sepetinize eklendi\" role=\"button\">Sepete Ekle<\/a>\t<span id=\"woocommerce_loop_add_to_cart_link_describedby_484\" class=\"screen-reader-text\">\n\t\t\t<\/span>\n<\/li>\n<li class=\"product type-product post-518 status-publish instock product_cat-ikinci-el-esya has-post-thumbnail sale shipping-taxable purchasable product-type-simple\">\n\t<a href=\"https:\/\/abidinderki.com\/ikinciel\/urun\/cikma-bmw-f30-stop-lambasi\/\" class=\"woocommerce-LoopProduct-link woocommerce-loop-product__link\">\n\t<span class=\"onsale\">\u0130ndirim!<\/span>\n\t<img loading=\"lazy\" decoding=\"async\" width=\"300\" height=\"300\" src=\"https:\/\/abidinderki.com\/ikinciel\/wp-content\/uploads\/2025\/12\/Cikma-bmw-f30-stop-lambasi-2-300x300.png\" class=\"attachment-woocommerce_thumbnail size-woocommerce_thumbnail\" alt=\"\u00c7\u0131kma bmw f30 stop lambas\u0131\" srcset=\"https:\/\/abidinderki.com\/ikinciel\/wp-content\/uploads\/2025\/12\/Cikma-bmw-f30-stop-lambasi-2-300x300.png 300w, https:\/\/abidinderki.com\/ikinciel\/wp-content\/uploads\/2025\/12\/Cikma-bmw-f30-stop-lambasi-2-150x150.png 150w, https:\/\/abidinderki.com\/ikinciel\/wp-content\/uploads\/2025\/12\/Cikma-bmw-f30-stop-lambasi-2-100x100.png 100w\" sizes=\"auto, (max-width: 300px) 100vw, 300px\" title=\"\"><h2 class=\"woocommerce-loop-product__title\">\u00c7\u0131kma bmw f30 stop lambas\u0131<\/h2>\n\t<span class=\"price\"><del aria-hidden=\"true\"><span class=\"woocommerce-Price-amount amount\"><bdi><span class=\"woocommerce-Price-currencySymbol\">&#8378;<\/span>2,500.00<\/bdi><\/span><\/del> <span class=\"screen-reader-text\">Orijinal fiyat: &#8378;2,500.00.<\/span><ins aria-hidden=\"true\"><span class=\"woocommerce-Price-amount amount\"><bdi><span class=\"woocommerce-Price-currencySymbol\">&#8378;<\/span>1,500.00<\/bdi><\/span><\/ins><span class=\"screen-reader-text\">\u015eu andaki fiyat: &#8378;1,500.00.<\/span><\/span>\n<div class=\"archive-product-categories text-center\"><a href=\"https:\/\/abidinderki.com\/ikinciel\/urun-kategori\/ikinci-el-esya\/\" rel=\"tag\">ikinci el e\u015fya<\/a><\/div><\/a><a href=\"\/ikinciel\/wp-json\/wp\/v2\/pages\/397?add-to-cart=518\" aria-describedby=\"woocommerce_loop_add_to_cart_link_describedby_518\" data-quantity=\"1\" class=\"button product_type_simple add_to_cart_button ajax_add_to_cart\" data-product_id=\"518\" data-product_sku=\"\" aria-label=\"Sepete ekle: \u201c\u00c7\u0131kma bmw f30 stop lambas\u0131\u201d\" rel=\"nofollow\" data-success_message=\"&quot;\u00c7\u0131kma bmw f30 stop lambas\u0131&quot; sepetinize eklendi\" role=\"button\">Sepete Ekle<\/a>\t<span id=\"woocommerce_loop_add_to_cart_link_describedby_518\" class=\"screen-reader-text\">\n\t\t\t<\/span>\n<\/li>\n<li class=\"product type-product post-502 status-publish last instock product_cat-ikinci-el-mobilya has-post-thumbnail sale shipping-taxable purchasable product-type-simple\">\n\t<a href=\"https:\/\/abidinderki.com\/ikinciel\/urun\/cikma-cati-kerestesi-saglam-civisiz-510-direkler-kalaslar\/\" class=\"woocommerce-LoopProduct-link woocommerce-loop-product__link\">\n\t<span class=\"onsale\">\u0130ndirim!<\/span>\n\t<img loading=\"lazy\" decoding=\"async\" width=\"300\" height=\"300\" src=\"https:\/\/abidinderki.com\/ikinciel\/wp-content\/uploads\/2025\/08\/Cikma-cati-kerestesi-saglam-3-300x300.png\" class=\"attachment-woocommerce_thumbnail size-woocommerce_thumbnail\" alt=\"\u00c7\u0131kma \u00e7at\u0131 kerestesi sa\u011flam \u00e7ivisiz 5*10 direkler kalaslar\" srcset=\"https:\/\/abidinderki.com\/ikinciel\/wp-content\/uploads\/2025\/08\/Cikma-cati-kerestesi-saglam-3-300x300.png 300w, https:\/\/abidinderki.com\/ikinciel\/wp-content\/uploads\/2025\/08\/Cikma-cati-kerestesi-saglam-3-150x150.png 150w, https:\/\/abidinderki.com\/ikinciel\/wp-content\/uploads\/2025\/08\/Cikma-cati-kerestesi-saglam-3-100x100.png 100w\" sizes=\"auto, (max-width: 300px) 100vw, 300px\" title=\"\"><h2 class=\"woocommerce-loop-product__title\">\u00c7\u0131kma \u00e7at\u0131 kerestesi sa\u011flam \u00e7ivisiz 5*10 direkler kalaslar<\/h2>\n\t<span class=\"price\"><del aria-hidden=\"true\"><span class=\"woocommerce-Price-amount amount\"><bdi><span class=\"woocommerce-Price-currencySymbol\">&#8378;<\/span>2,500.00<\/bdi><\/span><\/del> <span class=\"screen-reader-text\">Orijinal fiyat: &#8378;2,500.00.<\/span><ins aria-hidden=\"true\"><span class=\"woocommerce-Price-amount amount\"><bdi><span class=\"woocommerce-Price-currencySymbol\">&#8378;<\/span>2,250.00<\/bdi><\/span><\/ins><span class=\"screen-reader-text\">\u015eu andaki fiyat: &#8378;2,250.00.<\/span><\/span>\n<div class=\"archive-product-categories text-center\"><a href=\"https:\/\/abidinderki.com\/ikinciel\/urun-kategori\/ikinci-el-mobilya\/\" rel=\"tag\">ikinci el mobilya<\/a><\/div><\/a><a href=\"\/ikinciel\/wp-json\/wp\/v2\/pages\/397?add-to-cart=502\" aria-describedby=\"woocommerce_loop_add_to_cart_link_describedby_502\" data-quantity=\"1\" class=\"button product_type_simple add_to_cart_button ajax_add_to_cart\" data-product_id=\"502\" data-product_sku=\"\" aria-label=\"Sepete ekle: \u201c\u00c7\u0131kma \u00e7at\u0131 kerestesi sa\u011flam \u00e7ivisiz 5*10 direkler kalaslar\u201d\" rel=\"nofollow\" data-success_message=\"&quot;\u00c7\u0131kma \u00e7at\u0131 kerestesi sa\u011flam \u00e7ivisiz 5*10 direkler kalaslar&quot; sepetinize eklendi\" role=\"button\">Sepete Ekle<\/a>\t<span id=\"woocommerce_loop_add_to_cart_link_describedby_502\" class=\"screen-reader-text\">\n\t\t\t<\/span>\n<\/li>\n<\/ul>\n<\/div>\n","protected":false},"excerpt":{"rendered":"","protected":false},"author":1,"featured_media":396,"parent":0,"menu_order":0,"comment_status":"closed","ping_status":"closed","template":"","meta":{"footnotes":""},"class_list":["post-397","page","type-page","status-publish","has-post-thumbnail","hentry"],"_links":{"self":[{"href":"https:\/\/abidinderki.com\/ikinciel\/wp-json\/wp\/v2\/pages\/397","targetHints":{"allow":["GET"]}}],"collection":[{"href":"https:\/\/abidinderki.com\/ikinciel\/wp-json\/wp\/v2\/pages"}],"about":[{"href":"https:\/\/abidinderki.com\/ikinciel\/wp-json\/wp\/v2\/types\/page"}],"author":[{"embeddable":true,"href":"https:\/\/abidinderki.com\/ikinciel\/wp-json\/wp\/v2\/users\/1"}],"replies":[{"embeddable":true,"href":"https:\/\/abidinderki.com\/ikinciel\/wp-json\/wp\/v2\/comments?post=397"}],"version-history":[{"count":3,"href":"https:\/\/abidinderki.com\/ikinciel\/wp-json\/wp\/v2\/pages\/397\/revisions"}],"predecessor-version":[{"id":408,"href":"https:\/\/abidinderki.com\/ikinciel\/wp-json\/wp\/v2\/pages\/397\/revisions\/408"}],"wp:featuredmedia":[{"embeddable":true,"href":"https:\/\/abidinderki.com\/ikinciel\/wp-json\/wp\/v2\/media\/396"}],"wp:attachment":[{"href":"https:\/\/abidinderki.com\/ikinciel\/wp-json\/wp\/v2\/media?parent=397"}],"curies":[{"name":"wp","href":"https:\/\/api.w.org\/{rel}","templated":true}]}}