{"id":422,"date":"2024-08-17T17:33:03","date_gmt":"2024-08-17T14:33:03","guid":{"rendered":"https:\/\/abidinderki.com\/ikinciel\/?post_type=product&#038;p=422"},"modified":"2026-01-14T13:36:47","modified_gmt":"2026-01-14T10:36:47","slug":"rafli-ikinci-el-elbise-dolabi-saglam-ogrenci-icin-ucuz-mobilya","status":"publish","type":"product","link":"https:\/\/abidinderki.com\/ikinciel\/urun\/rafli-ikinci-el-elbise-dolabi-saglam-ogrenci-icin-ucuz-mobilya\/","title":{"rendered":"Rafl\u0131 ikinci el elbise dolab\u0131 sa\u011flam \u00f6\u011frenci i\u00e7in ucuz mobilya"},"content":{"rendered":"<p><img loading=\"lazy\" decoding=\"async\" class=\"aligncenter size-full wp-image-423\" src=\"https:\/\/abidinderki.com\/ikinciel\/wp-content\/uploads\/2024\/08\/ikinci-el-elbise-dolabi-1.jpg\" alt=\"\" width=\"1200\" height=\"1600\" title=\"\" srcset=\"https:\/\/abidinderki.com\/ikinciel\/wp-content\/uploads\/2024\/08\/ikinci-el-elbise-dolabi-1.jpg 1200w, https:\/\/abidinderki.com\/ikinciel\/wp-content\/uploads\/2024\/08\/ikinci-el-elbise-dolabi-1-225x300.jpg 225w, https:\/\/abidinderki.com\/ikinciel\/wp-content\/uploads\/2024\/08\/ikinci-el-elbise-dolabi-1-768x1024.jpg 768w, https:\/\/abidinderki.com\/ikinciel\/wp-content\/uploads\/2024\/08\/ikinci-el-elbise-dolabi-1-1152x1536.jpg 1152w, https:\/\/abidinderki.com\/ikinciel\/wp-content\/uploads\/2024\/08\/ikinci-el-elbise-dolabi-1-600x800.jpg 600w\" sizes=\"auto, (max-width: 1200px) 100vw, 1200px\" \/> <img loading=\"lazy\" decoding=\"async\" class=\"aligncenter size-full wp-image-424\" src=\"https:\/\/abidinderki.com\/ikinciel\/wp-content\/uploads\/2024\/08\/ikinci-el-elbise-dolabi-2.jpg\" alt=\"\" width=\"1200\" height=\"1600\" title=\"\" srcset=\"https:\/\/abidinderki.com\/ikinciel\/wp-content\/uploads\/2024\/08\/ikinci-el-elbise-dolabi-2.jpg 1200w, https:\/\/abidinderki.com\/ikinciel\/wp-content\/uploads\/2024\/08\/ikinci-el-elbise-dolabi-2-225x300.jpg 225w, https:\/\/abidinderki.com\/ikinciel\/wp-content\/uploads\/2024\/08\/ikinci-el-elbise-dolabi-2-768x1024.jpg 768w, https:\/\/abidinderki.com\/ikinciel\/wp-content\/uploads\/2024\/08\/ikinci-el-elbise-dolabi-2-1152x1536.jpg 1152w, https:\/\/abidinderki.com\/ikinciel\/wp-content\/uploads\/2024\/08\/ikinci-el-elbise-dolabi-2-600x800.jpg 600w\" sizes=\"auto, (max-width: 1200px) 100vw, 1200px\" \/><\/p>\n","protected":false},"excerpt":{"rendered":"<p>ikinci el elbise dolab\u0131 \u0130kinci el ve s\u0131f\u0131r gard\u0131rop Lake boyal\u0131 gard\u0131rop 2.el ucuz gardrop fiyatlar\u0131 sahibinden<br \/>\nikinci el elbise dolab\u0131  s\u00fcrg\u00fc kapakl\u0131-2 adet komidin ile birlikte elbise dolab\u0131 modelleri farkl\u0131 marka se\u00e7enekleri ve uygun fiyatlarla<\/p>\n","protected":false},"featured_media":423,"comment_status":"open","ping_status":"closed","template":"","meta":[],"product_brand":[],"product_cat":[32],"product_tag":[35],"class_list":{"0":"post-422","1":"product","2":"type-product","3":"status-publish","4":"has-post-thumbnail","6":"product_cat-ikinci-el-mobilya","7":"product_tag-ikinci-el-elbise-dolabi","9":"first","10":"instock","11":"sale","12":"shipping-taxable","13":"purchasable","14":"product-type-simple"},"_links":{"self":[{"href":"https:\/\/abidinderki.com\/ikinciel\/wp-json\/wp\/v2\/product\/422","targetHints":{"allow":["GET"]}}],"collection":[{"href":"https:\/\/abidinderki.com\/ikinciel\/wp-json\/wp\/v2\/product"}],"about":[{"href":"https:\/\/abidinderki.com\/ikinciel\/wp-json\/wp\/v2\/types\/product"}],"replies":[{"embeddable":true,"href":"https:\/\/abidinderki.com\/ikinciel\/wp-json\/wp\/v2\/comments?post=422"}],"wp:featuredmedia":[{"embeddable":true,"href":"https:\/\/abidinderki.com\/ikinciel\/wp-json\/wp\/v2\/media\/423"}],"wp:attachment":[{"href":"https:\/\/abidinderki.com\/ikinciel\/wp-json\/wp\/v2\/media?parent=422"}],"wp:term":[{"taxonomy":"product_brand","embeddable":true,"href":"https:\/\/abidinderki.com\/ikinciel\/wp-json\/wp\/v2\/product_brand?post=422"},{"taxonomy":"product_cat","embeddable":true,"href":"https:\/\/abidinderki.com\/ikinciel\/wp-json\/wp\/v2\/product_cat?post=422"},{"taxonomy":"product_tag","embeddable":true,"href":"https:\/\/abidinderki.com\/ikinciel\/wp-json\/wp\/v2\/product_tag?post=422"}],"curies":[{"name":"wp","href":"https:\/\/api.w.org\/{rel}","templated":true}]}}