{"id":425,"date":"2024-08-22T09:34:34","date_gmt":"2024-08-22T06:34:34","guid":{"rendered":"https:\/\/abidinderki.com\/ikinciel\/?post_type=product&#038;p=425"},"modified":"2026-01-14T13:36:40","modified_gmt":"2026-01-14T10:36:40","slug":"cikma-sandvic-panel-4-75-uzunlugunda-sandvic-paneller-fabrikadan-cikma","status":"publish","type":"product","link":"https:\/\/abidinderki.com\/ikinciel\/urun\/cikma-sandvic-panel-4-75-uzunlugunda-sandvic-paneller-fabrikadan-cikma\/","title":{"rendered":"\u00c7\u0131kma sandvi\u00e7 panel 4.75 uzunlu\u011funda sandvi\u00e7 paneller fabrikadan \u00e7\u0131kma"},"content":{"rendered":"<p><img loading=\"lazy\" decoding=\"async\" src=\"https:\/\/abidinderki.com\/ikinciel\/wp-content\/uploads\/2024\/08\/Cikma-sandvic-panel-2.png\" alt=\"\" width=\"794\" height=\"629\" class=\"aligncenter size-full wp-image-426\" title=\"\" srcset=\"https:\/\/abidinderki.com\/ikinciel\/wp-content\/uploads\/2024\/08\/Cikma-sandvic-panel-2.png 794w, https:\/\/abidinderki.com\/ikinciel\/wp-content\/uploads\/2024\/08\/Cikma-sandvic-panel-2-300x238.png 300w, https:\/\/abidinderki.com\/ikinciel\/wp-content\/uploads\/2024\/08\/Cikma-sandvic-panel-2-768x608.png 768w, https:\/\/abidinderki.com\/ikinciel\/wp-content\/uploads\/2024\/08\/Cikma-sandvic-panel-2-600x475.png 600w\" sizes=\"auto, (max-width: 794px) 100vw, 794px\" \/><\/p>\n<p><img loading=\"lazy\" decoding=\"async\" src=\"https:\/\/abidinderki.com\/ikinciel\/wp-content\/uploads\/2024\/08\/Cikma-sandvic-panel-1.png\" alt=\"\" width=\"797\" height=\"631\" class=\"aligncenter size-full wp-image-427\" title=\"\" srcset=\"https:\/\/abidinderki.com\/ikinciel\/wp-content\/uploads\/2024\/08\/Cikma-sandvic-panel-1.png 797w, https:\/\/abidinderki.com\/ikinciel\/wp-content\/uploads\/2024\/08\/Cikma-sandvic-panel-1-300x238.png 300w, https:\/\/abidinderki.com\/ikinciel\/wp-content\/uploads\/2024\/08\/Cikma-sandvic-panel-1-768x608.png 768w, https:\/\/abidinderki.com\/ikinciel\/wp-content\/uploads\/2024\/08\/Cikma-sandvic-panel-1-600x475.png 600w\" sizes=\"auto, (max-width: 797px) 100vw, 797px\" \/><\/p>\n","protected":false},"excerpt":{"rendered":"<p>\u00c7\u0131kma sandvi\u00e7 panel  \u00c7ATI VE CEPHE PANELLER\u0130 SANDV\u0130\u00c7 PANEL SATI\u015eLARIMIZ DEVAM ED\u0130YOR Sadece 500 metre ve \u00fczeri Al\u0131\u015fveri\u015fler i\u00e7in ASSAN \u00c7ATI VE CEPHE PANELLER\u0130. 290 TL. \u0130stanbul, Sultanbeyli. \u0130kinci El Sandvi\u00e7 Panel \u00fcr\u00fcn\u00fc ile ilgili fiyat ve detayl\u0131 2. el sandvi\u00e7 panel Gebze genellikle 3 katmandan olu\u015fur. D\u0131\u015f katmanlar\u0131nda \u00e7elik, al\u00fcminyum, bilgilere bu sayfadan ula\u015fabilirsiniz. 2.El Sandwi\u00e7 panel<\/p>\n","protected":false},"featured_media":427,"comment_status":"open","ping_status":"closed","template":"","meta":[],"product_brand":[],"product_cat":[15,31],"product_tag":[],"class_list":{"0":"post-425","1":"product","2":"type-product","3":"status-publish","4":"has-post-thumbnail","6":"product_cat-ikinci-el-esya","7":"product_cat-ikinci-el-is-makineleri","9":"first","10":"instock","11":"sale","12":"shipping-taxable","13":"purchasable","14":"product-type-simple"},"_links":{"self":[{"href":"https:\/\/abidinderki.com\/ikinciel\/wp-json\/wp\/v2\/product\/425","targetHints":{"allow":["GET"]}}],"collection":[{"href":"https:\/\/abidinderki.com\/ikinciel\/wp-json\/wp\/v2\/product"}],"about":[{"href":"https:\/\/abidinderki.com\/ikinciel\/wp-json\/wp\/v2\/types\/product"}],"replies":[{"embeddable":true,"href":"https:\/\/abidinderki.com\/ikinciel\/wp-json\/wp\/v2\/comments?post=425"}],"wp:featuredmedia":[{"embeddable":true,"href":"https:\/\/abidinderki.com\/ikinciel\/wp-json\/wp\/v2\/media\/427"}],"wp:attachment":[{"href":"https:\/\/abidinderki.com\/ikinciel\/wp-json\/wp\/v2\/media?parent=425"}],"wp:term":[{"taxonomy":"product_brand","embeddable":true,"href":"https:\/\/abidinderki.com\/ikinciel\/wp-json\/wp\/v2\/product_brand?post=425"},{"taxonomy":"product_cat","embeddable":true,"href":"https:\/\/abidinderki.com\/ikinciel\/wp-json\/wp\/v2\/product_cat?post=425"},{"taxonomy":"product_tag","embeddable":true,"href":"https:\/\/abidinderki.com\/ikinciel\/wp-json\/wp\/v2\/product_tag?post=425"}],"curies":[{"name":"wp","href":"https:\/\/api.w.org\/{rel}","templated":true}]}}