{"id":450,"date":"2024-08-30T10:59:56","date_gmt":"2024-08-30T07:59:56","guid":{"rendered":"https:\/\/abidinderki.com\/ikinciel\/?post_type=product&#038;p=450"},"modified":"2026-01-14T13:35:50","modified_gmt":"2026-01-14T10:35:50","slug":"krom-kazan-tank-2-adet-10-ve-20-tonluk-ikinci-el-krom-sut-su-tanki","status":"publish","type":"product","link":"https:\/\/abidinderki.com\/ikinciel\/urun\/krom-kazan-tank-2-adet-10-ve-20-tonluk-ikinci-el-krom-sut-su-tanki\/","title":{"rendered":"Krom kazan-tank 2 adet 10 ve 20 tonluk ikinci el krom s\u00fct su tank\u0131"},"content":{"rendered":"","protected":false},"excerpt":{"rendered":"<p>Krom kazan-tank Paslanmaz ve Galvanizli Su Depolar\u0131 Nakliye ve Montaj FABR\u0130KADAN 1000 LT S\u00dcT SO\u011eUTMA TANKI. SIFIR.2YIL GARANT\u0130. 100.000 TL. Manisa, Salihli. Paslanmaz depo imalat\u0131 i\u00e7in do\u011fru t\u0131klay\u0131n\u0131z. Paslanmaz depo ve paslanmaz krom tank \u00fcr\u00fcnleri 2 adet 5 tonluk s\u00fct ta\u015f\u0131ma tank\u0131 Fiyata Dahil. \u015eehir \u0130\u00e7i \u00dccretsiz Ke\u015fif.<\/p>\n","protected":false},"featured_media":452,"comment_status":"open","ping_status":"closed","template":"","meta":[],"product_brand":[],"product_cat":[31,30],"product_tag":[],"class_list":{"0":"post-450","1":"product","2":"type-product","3":"status-publish","4":"has-post-thumbnail","6":"product_cat-ikinci-el-is-makineleri","7":"product_cat-ikinci-el-beyaz-esya","9":"first","10":"instock","11":"sale","12":"shipping-taxable","13":"purchasable","14":"product-type-simple"},"_links":{"self":[{"href":"https:\/\/abidinderki.com\/ikinciel\/wp-json\/wp\/v2\/product\/450","targetHints":{"allow":["GET"]}}],"collection":[{"href":"https:\/\/abidinderki.com\/ikinciel\/wp-json\/wp\/v2\/product"}],"about":[{"href":"https:\/\/abidinderki.com\/ikinciel\/wp-json\/wp\/v2\/types\/product"}],"replies":[{"embeddable":true,"href":"https:\/\/abidinderki.com\/ikinciel\/wp-json\/wp\/v2\/comments?post=450"}],"wp:featuredmedia":[{"embeddable":true,"href":"https:\/\/abidinderki.com\/ikinciel\/wp-json\/wp\/v2\/media\/452"}],"wp:attachment":[{"href":"https:\/\/abidinderki.com\/ikinciel\/wp-json\/wp\/v2\/media?parent=450"}],"wp:term":[{"taxonomy":"product_brand","embeddable":true,"href":"https:\/\/abidinderki.com\/ikinciel\/wp-json\/wp\/v2\/product_brand?post=450"},{"taxonomy":"product_cat","embeddable":true,"href":"https:\/\/abidinderki.com\/ikinciel\/wp-json\/wp\/v2\/product_cat?post=450"},{"taxonomy":"product_tag","embeddable":true,"href":"https:\/\/abidinderki.com\/ikinciel\/wp-json\/wp\/v2\/product_tag?post=450"}],"curies":[{"name":"wp","href":"https:\/\/api.w.org\/{rel}","templated":true}]}}