{"id":454,"date":"2024-10-01T09:17:46","date_gmt":"2024-10-01T06:17:46","guid":{"rendered":"https:\/\/abidinderki.com\/ikinciel\/?post_type=product&#038;p=454"},"modified":"2026-01-14T13:35:42","modified_gmt":"2026-01-14T10:35:42","slug":"2-el-bambu-sepet-besik-komple-ahsap-bebek-besigi","status":"publish","type":"product","link":"https:\/\/abidinderki.com\/ikinciel\/urun\/2-el-bambu-sepet-besik-komple-ahsap-bebek-besigi\/","title":{"rendered":"2.el bambu sepet be\u015fik komple ah\u015fap bebek be\u015fi\u011fi"},"content":{"rendered":"","protected":false},"excerpt":{"rendered":"<p><strong>2.el bambu sepet be\u015fik Bebek Karyolalar<\/strong>\u0131 Has\u0131r sepet be\u015fik, bebek odas\u0131nda vintage bir etki yaratmak isteyenlere hitap eder. El yap\u0131m\u0131d\u0131r. ve Be\u015fik Modelleri uygun fiyatlarla Param G\u00fcvende ile kartla \u00f6deme ve kargo g\u00f6nderimi imkanlar\u0131yla \u0130kinci el orijinal Funna 2.000 TL. Bambu Sepet Be\u015fik. Anasayfa \u00b7 Anne &amp; Bebek &amp; Oyuncak Baby %80 indirim ve kampanyal\u0131 fiyatlarla sadece Bu noktada, sepet veya has\u0131r be\u015fikleri tercih edebilirsiniz. Ayn\u0131 zamanda, yine bebe\u011finizin ilk ikinci el be\u015fik 2.el bebek be\u015fik sahibinden 2.el be\u015fik fiyatlar\u0131<\/p>\n","protected":false},"featured_media":458,"comment_status":"open","ping_status":"closed","template":"","meta":[],"product_brand":[],"product_cat":[32],"product_tag":[],"class_list":{"0":"post-454","1":"product","2":"type-product","3":"status-publish","4":"has-post-thumbnail","6":"product_cat-ikinci-el-mobilya","8":"first","9":"instock","10":"sale","11":"shipping-taxable","12":"purchasable","13":"product-type-simple"},"_links":{"self":[{"href":"https:\/\/abidinderki.com\/ikinciel\/wp-json\/wp\/v2\/product\/454","targetHints":{"allow":["GET"]}}],"collection":[{"href":"https:\/\/abidinderki.com\/ikinciel\/wp-json\/wp\/v2\/product"}],"about":[{"href":"https:\/\/abidinderki.com\/ikinciel\/wp-json\/wp\/v2\/types\/product"}],"replies":[{"embeddable":true,"href":"https:\/\/abidinderki.com\/ikinciel\/wp-json\/wp\/v2\/comments?post=454"}],"wp:featuredmedia":[{"embeddable":true,"href":"https:\/\/abidinderki.com\/ikinciel\/wp-json\/wp\/v2\/media\/458"}],"wp:attachment":[{"href":"https:\/\/abidinderki.com\/ikinciel\/wp-json\/wp\/v2\/media?parent=454"}],"wp:term":[{"taxonomy":"product_brand","embeddable":true,"href":"https:\/\/abidinderki.com\/ikinciel\/wp-json\/wp\/v2\/product_brand?post=454"},{"taxonomy":"product_cat","embeddable":true,"href":"https:\/\/abidinderki.com\/ikinciel\/wp-json\/wp\/v2\/product_cat?post=454"},{"taxonomy":"product_tag","embeddable":true,"href":"https:\/\/abidinderki.com\/ikinciel\/wp-json\/wp\/v2\/product_tag?post=454"}],"curies":[{"name":"wp","href":"https:\/\/api.w.org\/{rel}","templated":true}]}}