{"id":466,"date":"2024-10-11T09:12:26","date_gmt":"2024-10-11T06:12:26","guid":{"rendered":"https:\/\/abidinderki.com\/ikinciel\/?post_type=product&#038;p=466"},"modified":"2026-01-14T13:35:27","modified_gmt":"2026-01-14T10:35:27","slug":"cikma-sunta-mdf-parca-mdf-ler-toptan-satilik-fuar-cikma-sunta","status":"publish","type":"product","link":"https:\/\/abidinderki.com\/ikinciel\/urun\/cikma-sunta-mdf-parca-mdf-ler-toptan-satilik-fuar-cikma-sunta\/","title":{"rendered":"\u00c7\u0131kma sunta mdf par\u00e7a mdf ler toptan sat\u0131l\u0131k fuar \u00e7\u0131kma sunta"},"content":{"rendered":"<p><img loading=\"lazy\" decoding=\"async\" src=\"https:\/\/abidinderki.com\/ikinciel\/wp-content\/uploads\/2024\/10\/Cikma-sunta-mdf-parca-1.png\" alt=\"\" width=\"980\" height=\"628\" class=\"aligncenter size-full wp-image-468\" title=\"\" srcset=\"https:\/\/abidinderki.com\/ikinciel\/wp-content\/uploads\/2024\/10\/Cikma-sunta-mdf-parca-1.png 980w, https:\/\/abidinderki.com\/ikinciel\/wp-content\/uploads\/2024\/10\/Cikma-sunta-mdf-parca-1-300x192.png 300w, https:\/\/abidinderki.com\/ikinciel\/wp-content\/uploads\/2024\/10\/Cikma-sunta-mdf-parca-1-768x492.png 768w, https:\/\/abidinderki.com\/ikinciel\/wp-content\/uploads\/2024\/10\/Cikma-sunta-mdf-parca-1-600x384.png 600w\" sizes=\"auto, (max-width: 980px) 100vw, 980px\" \/><\/p>\n","protected":false},"excerpt":{"rendered":"<p>\u00c7IKMA SUNTA MEDEFE SUMTALAM MEDEFELAM PAR\u00c7A 2.EL DEFOLU Suntalem 2.el sunta mdf a\u011fa\u00e7 al\u0131m ve sat\u0131m Sunta-Mdf Sanayiden.com&#8217;da. T\u00fcrkiye&#8217;nin sanayi sekt\u00f6r\u00fcne \u00f6zel en (8 mm). 700 TL. Ankara, \u00c7ankaya ; SATILIK PLYWOOD B\u0130R\u0130NC\u0130 SINIF A KAL\u0130TE ADRESE Masa Sandalye Aksesuar \u00dcreti \u00b7 23K members ; Sandalye \u0130malat\u00e7\u0131lar\u0131. 2.El Sunta, Sunta Lam,Mdf, Mdf Lam, Su Kontras\u0131,Osb, Palet, Al\u0131m\u0131 ve Sat\u0131\u015flar\u0131m\u0131z Vard\u0131r. 32K members ; MEDEFE SUNTA KONTRAPLAK  \u00c7al\u0131\u015ft\u0131\u011f\u0131m\u0131z firmalar; D\u0130VAPAN, YILDIZ SUNTA MDF, STARWOOD, \u00c7AMSAN,TEVEPAN&#8217;d\u0131r.<\/p>\n","protected":false},"featured_media":467,"comment_status":"open","ping_status":"closed","template":"","meta":[],"product_brand":[],"product_cat":[32],"product_tag":[],"class_list":{"0":"post-466","1":"product","2":"type-product","3":"status-publish","4":"has-post-thumbnail","6":"product_cat-ikinci-el-mobilya","8":"first","9":"instock","10":"sale","11":"shipping-taxable","12":"purchasable","13":"product-type-simple"},"_links":{"self":[{"href":"https:\/\/abidinderki.com\/ikinciel\/wp-json\/wp\/v2\/product\/466","targetHints":{"allow":["GET"]}}],"collection":[{"href":"https:\/\/abidinderki.com\/ikinciel\/wp-json\/wp\/v2\/product"}],"about":[{"href":"https:\/\/abidinderki.com\/ikinciel\/wp-json\/wp\/v2\/types\/product"}],"replies":[{"embeddable":true,"href":"https:\/\/abidinderki.com\/ikinciel\/wp-json\/wp\/v2\/comments?post=466"}],"wp:featuredmedia":[{"embeddable":true,"href":"https:\/\/abidinderki.com\/ikinciel\/wp-json\/wp\/v2\/media\/467"}],"wp:attachment":[{"href":"https:\/\/abidinderki.com\/ikinciel\/wp-json\/wp\/v2\/media?parent=466"}],"wp:term":[{"taxonomy":"product_brand","embeddable":true,"href":"https:\/\/abidinderki.com\/ikinciel\/wp-json\/wp\/v2\/product_brand?post=466"},{"taxonomy":"product_cat","embeddable":true,"href":"https:\/\/abidinderki.com\/ikinciel\/wp-json\/wp\/v2\/product_cat?post=466"},{"taxonomy":"product_tag","embeddable":true,"href":"https:\/\/abidinderki.com\/ikinciel\/wp-json\/wp\/v2\/product_tag?post=466"}],"curies":[{"name":"wp","href":"https:\/\/api.w.org\/{rel}","templated":true}]}}