{"id":469,"date":"2024-10-16T06:57:58","date_gmt":"2024-10-16T03:57:58","guid":{"rendered":"https:\/\/abidinderki.com\/ikinciel\/?post_type=product&#038;p=469"},"modified":"2026-01-14T13:35:17","modified_gmt":"2026-01-14T10:35:17","slug":"hoover-1500-rpm-8-9kg-camasir-makinesi-motoru-temiz-cikma-motor","status":"publish","type":"product","link":"https:\/\/abidinderki.com\/ikinciel\/urun\/hoover-1500-rpm-8-9kg-camasir-makinesi-motoru-temiz-cikma-motor\/","title":{"rendered":"Hoover 1500 RPM 8-9KG \u00c7ama\u015f\u0131r Makinesi Motoru temiz \u00e7\u0131kma motor"},"content":{"rendered":"<p><img loading=\"lazy\" decoding=\"async\" src=\"https:\/\/abidinderki.com\/ikinciel\/wp-content\/uploads\/2024\/10\/Hoover-1500-RPM-8-9KG-Camasir-Makinesi-Motoru-3.png\" alt=\"\" width=\"868\" height=\"623\" class=\"aligncenter size-full wp-image-472\" title=\"\" srcset=\"https:\/\/abidinderki.com\/ikinciel\/wp-content\/uploads\/2024\/10\/Hoover-1500-RPM-8-9KG-Camasir-Makinesi-Motoru-3.png 868w, https:\/\/abidinderki.com\/ikinciel\/wp-content\/uploads\/2024\/10\/Hoover-1500-RPM-8-9KG-Camasir-Makinesi-Motoru-3-300x215.png 300w, https:\/\/abidinderki.com\/ikinciel\/wp-content\/uploads\/2024\/10\/Hoover-1500-RPM-8-9KG-Camasir-Makinesi-Motoru-3-768x551.png 768w, https:\/\/abidinderki.com\/ikinciel\/wp-content\/uploads\/2024\/10\/Hoover-1500-RPM-8-9KG-Camasir-Makinesi-Motoru-3-600x431.png 600w\" sizes=\"auto, (max-width: 868px) 100vw, 868px\" \/><\/p>\n","protected":false},"excerpt":{"rendered":"<p><strong>Hoover 1500 RPM 8-9KG \u00c7ama\u015f\u0131r Makinesi Motoru Konumu<\/strong>. ikinci el \u00e7ama\u015f\u0131r makinesi motoru1.200 TL. <strong><a href=\"https:\/\/www.hoover-home.com\/tr_TR\/\">Hoover<\/a><\/strong> 1500 RPM 8-9KG \u00c7ama\u015f\u0131r Makinesi Motoru \u00d6ZDUR TEKN\u0130K. Merhaba, 2.EL ORJ\u0130NAL \u00c7IKMA DENENM\u0130\u015e PAR\u00c7A SATTI\u011eIMIZ \u0130\u00c7\u0130N Hoover \u00c7ama\u015f\u0131r Makinesi Motoru &#8211; 41026947 ; Stok Kodu: %6 indirimle Hoover H3WPS294TAM6-17 9 kg 1200 Devir \u00c7ama\u015f\u0131r Makinesi 12.750TL&#8217;ye sahip olabilirsiniz. En \u00e7ok satan Hoover \u00c7ama\u015f\u0131r Makinesi hangileri<\/p>\n","protected":false},"featured_media":470,"comment_status":"open","ping_status":"closed","template":"","meta":[],"product_brand":[],"product_cat":[30],"product_tag":[38],"class_list":{"0":"post-469","1":"product","2":"type-product","3":"status-publish","4":"has-post-thumbnail","6":"product_cat-ikinci-el-beyaz-esya","7":"product_tag-ikinci-el-camasir-makinesi","9":"first","10":"instock","11":"sale","12":"shipping-taxable","13":"purchasable","14":"product-type-simple"},"_links":{"self":[{"href":"https:\/\/abidinderki.com\/ikinciel\/wp-json\/wp\/v2\/product\/469","targetHints":{"allow":["GET"]}}],"collection":[{"href":"https:\/\/abidinderki.com\/ikinciel\/wp-json\/wp\/v2\/product"}],"about":[{"href":"https:\/\/abidinderki.com\/ikinciel\/wp-json\/wp\/v2\/types\/product"}],"replies":[{"embeddable":true,"href":"https:\/\/abidinderki.com\/ikinciel\/wp-json\/wp\/v2\/comments?post=469"}],"wp:featuredmedia":[{"embeddable":true,"href":"https:\/\/abidinderki.com\/ikinciel\/wp-json\/wp\/v2\/media\/470"}],"wp:attachment":[{"href":"https:\/\/abidinderki.com\/ikinciel\/wp-json\/wp\/v2\/media?parent=469"}],"wp:term":[{"taxonomy":"product_brand","embeddable":true,"href":"https:\/\/abidinderki.com\/ikinciel\/wp-json\/wp\/v2\/product_brand?post=469"},{"taxonomy":"product_cat","embeddable":true,"href":"https:\/\/abidinderki.com\/ikinciel\/wp-json\/wp\/v2\/product_cat?post=469"},{"taxonomy":"product_tag","embeddable":true,"href":"https:\/\/abidinderki.com\/ikinciel\/wp-json\/wp\/v2\/product_tag?post=469"}],"curies":[{"name":"wp","href":"https:\/\/api.w.org\/{rel}","templated":true}]}}