{"id":490,"date":"2025-04-12T18:37:07","date_gmt":"2025-04-12T15:37:07","guid":{"rendered":"https:\/\/abidinderki.com\/ikinciel\/?post_type=product&#038;p=490"},"modified":"2026-01-14T13:38:09","modified_gmt":"2026-01-14T10:38:09","slug":"damla-sulama-borusu-ikinci-el","status":"publish","type":"product","link":"https:\/\/abidinderki.com\/ikinciel\/urun\/damla-sulama-borusu-ikinci-el\/","title":{"rendered":"Damla sulama borusu ikinci el"},"content":{"rendered":"<p><img loading=\"lazy\" decoding=\"async\" class=\"aligncenter size-full wp-image-494\" src=\"https:\/\/abidinderki.com\/ikinciel\/wp-content\/uploads\/2025\/04\/Damla-sulama-borusu-ikinci-el-3.png\" alt=\"\" width=\"826\" height=\"627\" title=\"\" srcset=\"https:\/\/abidinderki.com\/ikinciel\/wp-content\/uploads\/2025\/04\/Damla-sulama-borusu-ikinci-el-3.png 826w, https:\/\/abidinderki.com\/ikinciel\/wp-content\/uploads\/2025\/04\/Damla-sulama-borusu-ikinci-el-3-300x228.png 300w, https:\/\/abidinderki.com\/ikinciel\/wp-content\/uploads\/2025\/04\/Damla-sulama-borusu-ikinci-el-3-768x583.png 768w, https:\/\/abidinderki.com\/ikinciel\/wp-content\/uploads\/2025\/04\/Damla-sulama-borusu-ikinci-el-3-160x120.png 160w, https:\/\/abidinderki.com\/ikinciel\/wp-content\/uploads\/2025\/04\/Damla-sulama-borusu-ikinci-el-3-600x455.png 600w\" sizes=\"auto, (max-width: 826px) 100vw, 826px\" \/> <img loading=\"lazy\" decoding=\"async\" class=\"aligncenter size-full wp-image-495\" src=\"https:\/\/abidinderki.com\/ikinciel\/wp-content\/uploads\/2025\/04\/Damla-sulama-borusu-ikinci-el-4.png\" alt=\"\" width=\"919\" height=\"623\" title=\"\" srcset=\"https:\/\/abidinderki.com\/ikinciel\/wp-content\/uploads\/2025\/04\/Damla-sulama-borusu-ikinci-el-4.png 919w, https:\/\/abidinderki.com\/ikinciel\/wp-content\/uploads\/2025\/04\/Damla-sulama-borusu-ikinci-el-4-300x203.png 300w, https:\/\/abidinderki.com\/ikinciel\/wp-content\/uploads\/2025\/04\/Damla-sulama-borusu-ikinci-el-4-768x521.png 768w, https:\/\/abidinderki.com\/ikinciel\/wp-content\/uploads\/2025\/04\/Damla-sulama-borusu-ikinci-el-4-600x407.png 600w\" sizes=\"auto, (max-width: 919px) 100vw, 919px\" \/><\/p>\n","protected":false},"excerpt":{"rendered":"<p>Ya\u011fmurlama sulama boru ve f\u0131skiyeleri. 130 TL. Afyonkarahisar, 400 metre damlama borusu ka\u00e7 lira?<br \/>\n100 metre damlama hortumu ne kadar?<br \/>\n16&#8217;l\u0131k damlama borusu ka\u00e7 lira? S\u0131f\u0131r ve ikinci el Damlama Sulama fiyatlar\u0131 ve \u00e7e\u015fitlerini &#8230; Boru \u00dcretim Makinesi, 20.600 $. Plastik<br \/>\n<strong><a href=\"https:\/\/www.google.com\/search?q=20%27lik+damlama+hortumu+fiyat%C4%B1+ne+kadar%3F&amp;rlz=1C1CHZN_trTR1057TR1057&amp;oq=20%27lik+damlama+hortumu+fiyat%C4%B1+ne+kadar%3F&amp;gs_lcrp=EgZjaHJvbWUyBggAEEUYOTIICAEQABgWGB4yCggCEAAYogQYiQUyCggDEAAYogQYiQUyCggEEAAYgAQYogTSAQgyMzQwajBqOagCALACAQ&amp;sourceid=chrome&amp;ie=UTF-8\">20&#8217;lik damlama hortumu fiyat\u0131 ne kadar?<\/a><\/strong><br \/>\nDinar ; Tar\u0131m Sulama Borusu. 13.000 TL. Adana, Seyhan ; 63l\u00fck sulama borusu 20 adet Sulama Gere\u00e7leri Damlama ve ya\u011fmurlama sulama mazemeleri ikinci el al\u0131m ve sat\u0131\u015f &gt; ; TARIMSAL DESTEKLER. Fiyatlar\u0131 ; 125&#8217;lik mandall\u0131 ya\u011fmurlama sulama borular\u0131. 20.350 TL. K\u0131r\u0131kkale,<\/p>\n","protected":false},"featured_media":492,"comment_status":"open","ping_status":"closed","template":"","meta":[],"product_brand":[],"product_cat":[15],"product_tag":[],"class_list":{"0":"post-490","1":"product","2":"type-product","3":"status-publish","4":"has-post-thumbnail","6":"product_cat-ikinci-el-esya","8":"first","9":"instock","10":"sale","11":"shipping-taxable","12":"purchasable","13":"product-type-simple"},"_links":{"self":[{"href":"https:\/\/abidinderki.com\/ikinciel\/wp-json\/wp\/v2\/product\/490","targetHints":{"allow":["GET"]}}],"collection":[{"href":"https:\/\/abidinderki.com\/ikinciel\/wp-json\/wp\/v2\/product"}],"about":[{"href":"https:\/\/abidinderki.com\/ikinciel\/wp-json\/wp\/v2\/types\/product"}],"replies":[{"embeddable":true,"href":"https:\/\/abidinderki.com\/ikinciel\/wp-json\/wp\/v2\/comments?post=490"}],"wp:featuredmedia":[{"embeddable":true,"href":"https:\/\/abidinderki.com\/ikinciel\/wp-json\/wp\/v2\/media\/492"}],"wp:attachment":[{"href":"https:\/\/abidinderki.com\/ikinciel\/wp-json\/wp\/v2\/media?parent=490"}],"wp:term":[{"taxonomy":"product_brand","embeddable":true,"href":"https:\/\/abidinderki.com\/ikinciel\/wp-json\/wp\/v2\/product_brand?post=490"},{"taxonomy":"product_cat","embeddable":true,"href":"https:\/\/abidinderki.com\/ikinciel\/wp-json\/wp\/v2\/product_cat?post=490"},{"taxonomy":"product_tag","embeddable":true,"href":"https:\/\/abidinderki.com\/ikinciel\/wp-json\/wp\/v2\/product_tag?post=490"}],"curies":[{"name":"wp","href":"https:\/\/api.w.org\/{rel}","templated":true}]}}