{"id":499,"date":"2025-08-07T11:28:41","date_gmt":"2025-08-07T08:28:41","guid":{"rendered":"https:\/\/abidinderki.com\/ikinciel\/?post_type=product&#038;p=499"},"modified":"2026-01-14T13:34:33","modified_gmt":"2026-01-14T10:34:33","slug":"cikma-dogalgaz-sobasi-dogalgaz-sobali-olan-evini-kombi-petege-cevirdigi-icin-yedi-adet-dogalgaz-sobasi","status":"publish","type":"product","link":"https:\/\/abidinderki.com\/ikinciel\/urun\/cikma-dogalgaz-sobasi-dogalgaz-sobali-olan-evini-kombi-petege-cevirdigi-icin-yedi-adet-dogalgaz-sobasi\/","title":{"rendered":"\u00c7\u0131kma do\u011falgaz sobas\u0131 do\u011falgaz sobal\u0131 olan evini kombi pete\u011fe \u00e7evirdi\u011fi i\u00e7in yedi adet do\u011falgaz sobas\u0131"},"content":{"rendered":"<p>\u00c7\u0131kma do\u011falgaz sobas\u0131 Ev tipi, i\u015fletme tipi ve sanayi tipi\u00a0<em>do\u011falgaz sobas\u0131<\/em> \u00e7e\u015fitleri aras\u0131ndan ihtiyac\u0131n\u0131za uygun olan\u0131 temin ederek so\u011fuk k\u0131\u015f g\u00fcnlerini s\u0131cac\u0131k ge\u00e7irebilirsiniz<\/p>\n<div data-hveid=\"CEYQAQ\" data-ved=\"2ahUKEwjirpq8o_iOAxXjB9sEHd2JMOMQj7gIegQIRhAB\">\n<div class=\"dnXCYb\" tabindex=\"0\" role=\"button\" aria-controls=\"_QWOUaKKKIOOP7NYP3ZPCmQ4_71\" aria-expanded=\"true\">\n<div class=\"JlqpRe\"><span class=\"JCzEY tNxQIb\"><span class=\"CSkcDe\">En iyi do\u011falgaz sobas\u0131 hangisi?<\/span><\/span><\/div>\n<div class=\"p8Jhnd\">\n<div class=\"aj35ze\"><\/div>\n<\/div>\n<div class=\"L3Ezfd\" data-ved=\"2ahUKEwjirpq8o_iOAxXjB9sEHd2JMOMQuk56BAhGEAI\"><\/div>\n<\/div>\n<\/div>\n<div id=\"_QWOUaKKKIOOP7NYP3ZPCmQ4_71\" class=\"bCOlv\" data-ved=\"2ahUKEwjirpq8o_iOAxXjB9sEHd2JMOMQ7NUEegQIRhAE\">\n<div class=\"IZE3Td\">\n<div class=\"r2fjmd t0bRye Sbgr0\" data-hveid=\"CEYQBQ\" data-ved=\"2ahUKEwjirpq8o_iOAxXjB9sEHd2JMOMQu04oAHoECEYQBQ\">\n<div id=\"QWOUaKKKIOOP7NYP3ZPCmQ4__71\">\n<div class=\"wDYxhc\" data-md=\"135\">\n<div class=\"Crs1tb\" data-hveid=\"CD8QAA\">\n<div class=\"iKJnec\" role=\"heading\" aria-level=\"3\">EN \u0130Y\u0130 DO\u011eALGAZ SOBASI TAVS\u0130YELER\u0130<\/div>\n<div class=\"webanswers-webanswers_table__webanswers-table\">\n<table>\n<tbody>\n<tr class=\"ztXv9\">\n<th>No<\/th>\n<th>En \u0130yi Do\u011falgaz Sobas\u0131<\/th>\n<th>De\u011ferlendirme<\/th>\n<\/tr>\n<tr>\n<td>1<\/td>\n<td><b>Fujiyama Fhs 12000 Mfc Modern Hermetik Caml\u0131 Fanl\u0131 Soba<\/b><\/td>\n<td>&#x2b50; 10\/10<\/td>\n<\/tr>\n<tr>\n<td>2<\/td>\n<td>Fornax Do\u011falgazl\u0131 S\u0131cak Hava \u00dcreteci 25KW<\/td>\n<td>&#x2b50; 10\/10<\/td>\n<\/tr>\n<tr>\n<td>3<\/td>\n<td>Starfire Vendetta Do\u011falgazl\u0131 ve T\u00fcpl\u00fc \u015e\u00f6mine<\/td>\n<td>&#x2b50; 9.9\/10<\/td>\n<\/tr>\n<tr>\n<td>4<\/td>\n<td>Trio Caldo 55 Kw Do\u011falgazl\u0131 S\u0131cak Hava \u00dcreteci<\/td>\n<td>&#x2b50; 9.8\/10<\/td>\n<\/tr>\n<\/tbody>\n<\/table>\n<\/div>\n<\/div>\n<\/div>\n<\/div>\n<\/div>\n<\/div>\n<\/div>\n","protected":false},"excerpt":{"rendered":"<p>Bacas\u0131z do\u011falgaz sobas\u0131 olur mu? Do\u011falgaz sobalar\u0131 ve modelleri Cimri&#8217;de! Y\u00fcksek verimli ve g\u00fcvenli sobalar ile evinizi \u0131s\u0131t\u0131n, k\u0131\u015f aylar\u0131n\u0131n<br \/>\nHo\u015fsever do\u011falgaz sobas\u0131 ne kadar? Do\u011falgaz sobas\u0131 m\u0131 yoksa kombi mi daha \u00e7ok yakar?<br \/>\nDo\u011falgaz sobas\u0131 \u00f6mr\u00fc ne kadard\u0131r?<br \/>\nDo\u011falgaz sobas\u0131 ka\u00e7 metrekareyi is\u0131t\u0131r?<\/p>\n<p>Do\u011falgaz sobas\u0131 olan evde kombi olur mu?<br \/>\nDo\u011falgaz sobas\u0131 kullan\u0131\u015fl\u0131 m\u0131?<br \/>\nDo\u011falgaz sobas\u0131 t\u00fcm evi \u0131s\u0131t\u0131r m\u0131?<\/p>\n","protected":false},"featured_media":500,"comment_status":"open","ping_status":"closed","template":"","meta":[],"product_brand":[],"product_cat":[15],"product_tag":[],"class_list":{"0":"post-499","1":"product","2":"type-product","3":"status-publish","4":"has-post-thumbnail","6":"product_cat-ikinci-el-esya","8":"first","9":"instock","10":"sale","11":"shipping-taxable","12":"purchasable","13":"product-type-simple"},"_links":{"self":[{"href":"https:\/\/abidinderki.com\/ikinciel\/wp-json\/wp\/v2\/product\/499","targetHints":{"allow":["GET"]}}],"collection":[{"href":"https:\/\/abidinderki.com\/ikinciel\/wp-json\/wp\/v2\/product"}],"about":[{"href":"https:\/\/abidinderki.com\/ikinciel\/wp-json\/wp\/v2\/types\/product"}],"replies":[{"embeddable":true,"href":"https:\/\/abidinderki.com\/ikinciel\/wp-json\/wp\/v2\/comments?post=499"}],"wp:featuredmedia":[{"embeddable":true,"href":"https:\/\/abidinderki.com\/ikinciel\/wp-json\/wp\/v2\/media\/500"}],"wp:attachment":[{"href":"https:\/\/abidinderki.com\/ikinciel\/wp-json\/wp\/v2\/media?parent=499"}],"wp:term":[{"taxonomy":"product_brand","embeddable":true,"href":"https:\/\/abidinderki.com\/ikinciel\/wp-json\/wp\/v2\/product_brand?post=499"},{"taxonomy":"product_cat","embeddable":true,"href":"https:\/\/abidinderki.com\/ikinciel\/wp-json\/wp\/v2\/product_cat?post=499"},{"taxonomy":"product_tag","embeddable":true,"href":"https:\/\/abidinderki.com\/ikinciel\/wp-json\/wp\/v2\/product_tag?post=499"}],"curies":[{"name":"wp","href":"https:\/\/api.w.org\/{rel}","templated":true}]}}